{"id":1161,"date":"2022-09-05T16:44:34","date_gmt":"2022-09-05T14:44:34","guid":{"rendered":"http:\/\/www.meteodomecky.cz\/produkt\/meteodomcek-s-vlastnymi-menami\/"},"modified":"2026-03-25T18:14:27","modified_gmt":"2026-03-25T17:14:27","slug":"meteodomcek-s-vlastnimy-menami","status":"publish","type":"product","link":"https:\/\/www.meteodomecky.cz\/sk\/produkt\/meteodomcek-s-vlastnimy-menami\/","title":{"rendered":"Meteodom\u010dek s vlastn\u00fdmi menami"},"content":{"rendered":"<p>Umiestnite meteodom\u010dek s teplomerom do vonkaj\u0161ieho prostredia tak, aby bol chr\u00e1nen\u00fd pred priamym slnkom a da\u017e\u010fom. Meteodom\u010dek v\u0161ak funguje aj v interi\u00e9ri, kde posl\u00fa\u017ei ako spo\u013eahliv\u00fd vlhkomer. Pokia\u013e bude pekn\u00e9 po\u010dasie \u2013 slne\u010dno (sucho) \u2013 vylezie diev\u010da. Ke\u010f bude pr\u0161a\u0165 (bude vlhko), vylezie z dom\u010deka pan\u00e1\u010dik.<\/p>\n<p>Meteodom\u010dek je zabalen\u00fd v dar\u010dekovej krabi\u010dke.<\/p>\n","protected":false},"excerpt":{"rendered":"<p>Origin\u00e1lny nielen svadobn\u00fd dar\u010dek s pan\u00e1\u010dikom a b\u00e1bikou! Na vybran\u00fd vzor meteodom\u010deka V\u00e1m vyhotov\u00edme men\u00e1 pod\u013ea v\u00e1\u0161ho priania.<\/p>\n<p><span style=\"color: #ff0000;\">U tohto produktu vy\u017eadujeme platbu vopred. V\u00fdroba do 5 pracovn\u00fdch dn\u00ed od zaplatenia.<\/span><\/p>\n<p>Meno mus\u00ed by\u0165 <strong>jednoslovn\u00e9<\/strong>!<\/p>\n","protected":false},"featured_media":228914,"template":"","meta":{"_et_pb_use_builder":"off","_et_pb_old_content":"Origin\u00e1lny svadobn\u00fd dar\u010dek s pan\u00e1\u010dikom a b\u00e1bikou! Na vybran\u00fd vzor meteodom\u010deka V\u00e1m vyhotov\u00edme men\u00e1 pod\u013ea v\u00e1\u0161ho priania.","_et_gb_content_width":""},"product_brand":[],"product_cat":[49],"product_tag":[52],"class_list":{"0":"post-1161","1":"product","2":"type-product","3":"status-publish","4":"has-post-thumbnail","6":"product_cat-meteodomcek-na-pocasie","7":"product_tag-zakazkova-vyroba-sk","9":"first","10":"instock","11":"featured","12":"shipping-taxable","13":"purchasable","14":"product-type-simple"},"_links":{"self":[{"href":"https:\/\/www.meteodomecky.cz\/sk\/wp-json\/wp\/v2\/product\/1161","targetHints":{"allow":["GET"]}}],"collection":[{"href":"https:\/\/www.meteodomecky.cz\/sk\/wp-json\/wp\/v2\/product"}],"about":[{"href":"https:\/\/www.meteodomecky.cz\/sk\/wp-json\/wp\/v2\/types\/product"}],"wp:featuredmedia":[{"embeddable":true,"href":"https:\/\/www.meteodomecky.cz\/sk\/wp-json\/wp\/v2\/media\/228914"}],"wp:attachment":[{"href":"https:\/\/www.meteodomecky.cz\/sk\/wp-json\/wp\/v2\/media?parent=1161"}],"wp:term":[{"taxonomy":"product_brand","embeddable":true,"href":"https:\/\/www.meteodomecky.cz\/sk\/wp-json\/wp\/v2\/product_brand?post=1161"},{"taxonomy":"product_cat","embeddable":true,"href":"https:\/\/www.meteodomecky.cz\/sk\/wp-json\/wp\/v2\/product_cat?post=1161"},{"taxonomy":"product_tag","embeddable":true,"href":"https:\/\/www.meteodomecky.cz\/sk\/wp-json\/wp\/v2\/product_tag?post=1161"}],"curies":[{"name":"wp","href":"https:\/\/api.w.org\/{rel}","templated":true}]}}