{"id":1148,"date":"2023-02-04T18:56:40","date_gmt":"2023-02-04T17:56:40","guid":{"rendered":"http:\/\/www.meteodomecky.cz\/?post_type=product&#038;p=1148"},"modified":"2026-04-01T08:05:04","modified_gmt":"2026-04-01T06:05:04","slug":"malovany-domcek","status":"publish","type":"product","link":"https:\/\/www.meteodomecky.cz\/sk\/produkt\/malovany-domcek\/","title":{"rendered":"Ma\u013eovan\u00fd dom\u010dek"},"content":{"rendered":"<p>Umiestnite meteodom\u010dek s teplomerom do vonkaj\u0161ieho prostredia tak, aby bol chr\u00e1nen\u00fd pred priamym slnkom a da\u017e\u010fom. Meteodom\u010dek v\u0161ak funguje aj v interi\u00e9ri, kde posl\u00fa\u017ei ako spo\u013eahliv\u00fd vlhkomer. Pokia\u013e bude pekn\u00e9 po\u010dasie &#8211; slne\u010dno (sucho) &#8211; vylezie b\u00e1bika. Ke\u010f bude pr\u0161a\u0165 (bude vlhko), vylezie z dom\u010deka pan\u00e1\u010dik.<\/p>\n<p>Meteodom\u010dek je zabalen\u00fd v dar\u010dekovej krabi\u010dke.<\/p>\n<p>Rozmer: \u0160: 12 cm, V: 12 cm, H: 6 cm<\/p>\n","protected":false},"excerpt":{"rendered":"<p>Dreven\u00fd dom\u010dek na po\u010dasie s ma\u013eovan\u00fdm a zamilovan\u00fdm mot\u00edvom. Ide\u00e1lne ako svadobn\u00fd dar\u010dek pre novoman\u017eelov do nov\u00e9ho domova.<\/p>\n","protected":false},"featured_media":228870,"template":"","meta":{"_et_pb_use_builder":"","_et_pb_old_content":"","_et_gb_content_width":""},"product_brand":[],"product_cat":[49],"product_tag":[660],"class_list":{"0":"post-1148","1":"product","2":"type-product","3":"status-publish","4":"has-post-thumbnail","6":"product_cat-meteodomcek-na-pocasie","7":"product_tag-domcek-s-panacikom-a-babikou","9":"first","10":"instock","11":"shipping-taxable","12":"purchasable","13":"product-type-simple"},"_links":{"self":[{"href":"https:\/\/www.meteodomecky.cz\/sk\/wp-json\/wp\/v2\/product\/1148","targetHints":{"allow":["GET"]}}],"collection":[{"href":"https:\/\/www.meteodomecky.cz\/sk\/wp-json\/wp\/v2\/product"}],"about":[{"href":"https:\/\/www.meteodomecky.cz\/sk\/wp-json\/wp\/v2\/types\/product"}],"wp:featuredmedia":[{"embeddable":true,"href":"https:\/\/www.meteodomecky.cz\/sk\/wp-json\/wp\/v2\/media\/228870"}],"wp:attachment":[{"href":"https:\/\/www.meteodomecky.cz\/sk\/wp-json\/wp\/v2\/media?parent=1148"}],"wp:term":[{"taxonomy":"product_brand","embeddable":true,"href":"https:\/\/www.meteodomecky.cz\/sk\/wp-json\/wp\/v2\/product_brand?post=1148"},{"taxonomy":"product_cat","embeddable":true,"href":"https:\/\/www.meteodomecky.cz\/sk\/wp-json\/wp\/v2\/product_cat?post=1148"},{"taxonomy":"product_tag","embeddable":true,"href":"https:\/\/www.meteodomecky.cz\/sk\/wp-json\/wp\/v2\/product_tag?post=1148"}],"curies":[{"name":"wp","href":"https:\/\/api.w.org\/{rel}","templated":true}]}}