{"id":231696,"date":"2026-01-07T15:16:55","date_gmt":"2026-01-07T14:16:55","guid":{"rendered":"https:\/\/www.meteodomecky.cz\/navod-na-obsluhu\/"},"modified":"2026-01-07T15:30:23","modified_gmt":"2026-01-07T14:30:23","slug":"navod-na-obsluhu","status":"publish","type":"page","link":"https:\/\/www.meteodomecky.cz\/sk\/navod-na-obsluhu\/","title":{"rendered":"N\u00e1vod na obsluhu"},"content":{"rendered":"\n<p>V\u00e1\u0161 nov\u00fd Meteodom\u010dek nie je len kr\u00e1sna dekor\u00e1cia, ale aj tradi\u010dn\u00fd a funk\u010dn\u00fd vlhkomer. Aby v\u00e1m spo\u013eahlivo predpovedal po\u010dasie, pripravili sme pre v\u00e1s tento jednoduch\u00fd n\u00e1vod.<\/p>\n\n<h4 class=\"wp-block-heading\"><strong>1. Ako to cel\u00e9 funguje?<\/strong><\/h4>\n\n<p>\u010caro sa skr\u00fdva vn\u00fatri dom\u010deka. Mechanizmus funguje na princ\u00edpe pr\u00edrodn\u00e9ho vl\u00e1kna, ktor\u00e9 je citliv\u00e9 na zmeny vzdu\u0161nej vlhkosti:<\/p>\n\n<ul class=\"wp-block-list\">\n<li>\u2600\ufe0f <strong>Such\u00fd vzduch:<\/strong> Vl\u00e1kno sa zmr\u0161\u0165uje a von vych\u00e1dza <strong>diev\u010da <\/strong>(zna\u010d\u00ed pekn\u00e9 po\u010dasie).<\/li>\n\n\n\n<li>\u2614 <strong>Vlhk\u00fd vzduch:<\/strong> Vl\u00e1kno sa predl\u017euje a von vych\u00e1dza pan\u00e1\u010dik (zna\u010d\u00ed d\u00e1\u017e\u010f alebo sychravo).<\/li>\n<\/ul>\n\n<h4 class=\"wp-block-heading\"><strong>2. Kam dom\u010dek umiestni\u0165?<\/strong><\/h4>\n\n<p>Pre spr\u00e1vnu funkciu je k\u013e\u00fa\u010dov\u00e9 vybra\u0165 vhodn\u00e9 miesto.<\/p>\n\n<ul class=\"wp-block-list\">\n<li><strong>Ide\u00e1lne miesto: <\/strong>Vzdu\u0161n\u00fd priestor (napr. kryt\u00e1 terasa, balk\u00f3n, alt\u00e1nok).<\/li>\n\n\n\n<li><strong>\u010comu sa vyhn\u00fa\u0165: <\/strong>Priamemu slnku (vl\u00e1kno sa presu\u0161\u00ed) a priamemu da\u017e\u010fu (drevo by mohlo navlhn\u00fa\u0165).<\/li>\n<\/ul>\n\n<h4 class=\"wp-block-heading\"><strong>3. Nastavenie a kalibr\u00e1cia (ke\u010f fig\u00farky ukazuj\u00fa zle)<\/strong><\/h4>\n\n<p>Meteodom\u010dek m\u00f4\u017ee potrebova\u0165 z \u010dasu na \u010das \u201epom\u00f4c\u0165\u201c, aby sa zos\u00faladil s aktu\u00e1lnym po\u010das\u00edm vonku. <br\/> Kalibr\u00e1cia je ve\u013emi jednoduch\u00e1:<\/p>\n\n<ol class=\"wp-block-list\">\n<li>Uchopte <strong>kom\u00edn\u010dek <\/strong>na streche dom\u010deka.<\/li>\n\n\n\n<li>Jemne n\u00edm pooto\u010dte tak, aby b\u00e1bika aj pan\u00e1\u010dik boli v dom\u010deku.<\/li>\n\n\n\n<li>Tento postup m\u00f4\u017eete v pr\u00edpade potreby opakova\u0165, k\u00fdm sa vl\u00e1kno neust\u00e1li.<\/li>\n<\/ol>\n","protected":false},"excerpt":{"rendered":"<p>V\u00e1\u0161 nov\u00fd Meteodom\u010dek nie je len kr\u00e1sna dekor\u00e1cia, ale aj tradi\u010dn\u00fd a funk\u010dn\u00fd vlhkomer. Aby v\u00e1m spo\u013eahlivo predpovedal po\u010dasie, pripravili sme pre v\u00e1s tento jednoduch\u00fd n\u00e1vod. 1. Ako to cel\u00e9 funguje? \u010caro sa skr\u00fdva vn\u00fatri dom\u010deka. Mechanizmus funguje na princ\u00edpe pr\u00edrodn\u00e9ho vl\u00e1kna, ktor\u00e9 je citliv\u00e9 na zmeny vzdu\u0161nej vlhkosti: 2. Kam dom\u010dek umiestni\u0165? Pre spr\u00e1vnu [&hellip;]<\/p>\n","protected":false},"author":1,"featured_media":0,"parent":0,"menu_order":0,"comment_status":"closed","ping_status":"closed","template":"","meta":{"_et_pb_use_builder":"off","_et_pb_old_content":"","_et_gb_content_width":"","footnotes":""},"class_list":["post-231696","page","type-page","status-publish","hentry"],"_links":{"self":[{"href":"https:\/\/www.meteodomecky.cz\/sk\/wp-json\/wp\/v2\/pages\/231696","targetHints":{"allow":["GET"]}}],"collection":[{"href":"https:\/\/www.meteodomecky.cz\/sk\/wp-json\/wp\/v2\/pages"}],"about":[{"href":"https:\/\/www.meteodomecky.cz\/sk\/wp-json\/wp\/v2\/types\/page"}],"author":[{"embeddable":true,"href":"https:\/\/www.meteodomecky.cz\/sk\/wp-json\/wp\/v2\/users\/1"}],"replies":[{"embeddable":true,"href":"https:\/\/www.meteodomecky.cz\/sk\/wp-json\/wp\/v2\/comments?post=231696"}],"version-history":[{"count":1,"href":"https:\/\/www.meteodomecky.cz\/sk\/wp-json\/wp\/v2\/pages\/231696\/revisions"}],"predecessor-version":[{"id":231697,"href":"https:\/\/www.meteodomecky.cz\/sk\/wp-json\/wp\/v2\/pages\/231696\/revisions\/231697"}],"wp:attachment":[{"href":"https:\/\/www.meteodomecky.cz\/sk\/wp-json\/wp\/v2\/media?parent=231696"}],"curies":[{"name":"wp","href":"https:\/\/api.w.org\/{rel}","templated":true}]}}