{"id":1053,"date":"2019-01-21T16:31:54","date_gmt":"2019-01-21T15:31:54","guid":{"rendered":"http:\/\/www.meteodomecky.cz\/home-extended\/"},"modified":"2023-04-12T11:38:37","modified_gmt":"2023-04-12T09:38:37","slug":"home-extended","status":"publish","type":"page","link":"https:\/\/www.meteodomecky.cz\/sk\/","title":{"rendered":"Home &#8211; Extended"},"content":{"rendered":"<p>[et_pb_section fb_built=&#8220;1&#8243; fullwidth=&#8220;on&#8220; _builder_version=&#8220;4.16&#8243; custom_padding=&#8220;0px||0px|&#8220; global_colors_info=&#8220;{}&#8220;][et_pb_fullwidth_slider disabled_on=&#8220;on|off|off&#8220; module_class=&#8220;home-slider extended-page-header&#8220; _builder_version=&#8220;4.19.4&#8243; header_level=&#8220;h1&#8243; header_font_size=&#8220;50&#8243; button_alignment=&#8220;left&#8220; text_orientation=&#8220;left&#8220; custom_padding_tablet=&#8220;||0px|&#8220; custom_padding_phone=&#8220;&#8220; custom_padding_last_edited=&#8220;on|tablet&#8220; header_font_size_tablet=&#8220;40&#8243; header_font_size_phone=&#8220;30&#8243; header_font_size_last_edited=&#8220;on|desktop&#8220; custom_css_slide_title=&#8220;font-weight: 500;&#8220; custom_css_slide_button=&#8220;margin-top: 30px;||padding: 8px 30px;&#8220; global_colors_info=&#8220;{}&#8220; button_text_size__hover_enabled=&#8220;off&#8220; button_text_size__hover=&#8220;null&#8220; button_one_text_size__hover_enabled=&#8220;off&#8220; button_one_text_size__hover=&#8220;null&#8220; button_two_text_size__hover_enabled=&#8220;off&#8220; button_two_text_size__hover=&#8220;null&#8220; button_text_color__hover_enabled=&#8220;off&#8220; button_text_color__hover=&#8220;null&#8220; button_one_text_color__hover_enabled=&#8220;off&#8220; button_one_text_color__hover=&#8220;null&#8220; button_two_text_color__hover_enabled=&#8220;off&#8220; button_two_text_color__hover=&#8220;null&#8220; button_border_width__hover_enabled=&#8220;off&#8220; button_border_width__hover=&#8220;null&#8220; button_one_border_width__hover_enabled=&#8220;off&#8220; button_one_border_width__hover=&#8220;null&#8220; button_two_border_width__hover_enabled=&#8220;off&#8220; button_two_border_width__hover=&#8220;null&#8220; button_border_color__hover_enabled=&#8220;off&#8220; button_border_color__hover=&#8220;null&#8220; button_one_border_color__hover_enabled=&#8220;off&#8220; button_one_border_color__hover=&#8220;null&#8220; button_two_border_color__hover_enabled=&#8220;off&#8220; button_two_border_color__hover=&#8220;null&#8220; button_border_radius__hover_enabled=&#8220;off&#8220; button_border_radius__hover=&#8220;null&#8220; button_one_border_radius__hover_enabled=&#8220;off&#8220; button_one_border_radius__hover=&#8220;null&#8220; button_two_border_radius__hover_enabled=&#8220;off&#8220; button_two_border_radius__hover=&#8220;null&#8220; button_letter_spacing__hover_enabled=&#8220;off&#8220; button_letter_spacing__hover=&#8220;null&#8220; button_one_letter_spacing__hover_enabled=&#8220;off&#8220; button_one_letter_spacing__hover=&#8220;null&#8220; button_two_letter_spacing__hover_enabled=&#8220;off&#8220; button_two_letter_spacing__hover=&#8220;null&#8220; button_bg_color__hover_enabled=&#8220;off&#8220; button_bg_color__hover=&#8220;null&#8220; button_one_bg_color__hover_enabled=&#8220;off&#8220; button_one_bg_color__hover=&#8220;null&#8220; button_two_bg_color__hover_enabled=&#8220;off&#8220; button_two_bg_color__hover=&#8220;null&#8220;][et_pb_slide heading=&#8220;Meteodom\u010deky na po\u010dasie&#8220; button_text=&#8220;Zobrazi\u0165 v\u0161etky vzory&#8220; button_link=&#8220;@ET-DC@eyJkeW5hbWljIjp0cnVlLCJjb250ZW50IjoicG9zdF9saW5rX3VybF9wYWdlIiwic2V0dGluZ3MiOnsicG9zdF9pZCI6IjYifX0=@&#8220; use_bg_overlay=&#8220;off&#8220; use_text_overlay=&#8220;on&#8220; text_overlay_color=&#8220;#a2b057&#8243; text_border_radius=&#8220;3px&#8220; _builder_version=&#8220;4.19.4&#8243; _dynamic_attributes=&#8220;button_link&#8220; header_font=&#8220;||||||||&#8220; header_line_height=&#8220;1.2em&#8220; body_font=&#8220;|600|||||||&#8220; body_font_size=&#8220;18px&#8220; background_enable_color=&#8220;off&#8220; background_image=&#8220;http:\/\/www.meteodomecky.cz\/wp-content\/uploads\/2023\/01\/titl-roubenka2.jpg&#8220; background_enable_image=&#8220;on&#8220; button_on_hover=&#8220;on&#8220; custom_padding_tablet=&#8220;50px||50px|&#8220; custom_padding_phone=&#8220;50px||50px|&#8220; header_font_size_tablet=&#8220;&#8220; header_font_size_phone=&#8220;&#8220; header_font_size_last_edited=&#8220;on|phone&#8220; header_line_height_tablet=&#8220;1.2em&#8220; header_line_height_phone=&#8220;1.2em&#8220; header_line_height_last_edited=&#8220;on|phone&#8220; body_font_size_tablet=&#8220;18px&#8220; body_font_size_phone=&#8220;18px&#8220; body_font_size_last_edited=&#8220;off|desktop&#8220; body_line_height_tablet=&#8220;1.6em&#8220; body_line_height_phone=&#8220;1.6em&#8220; body_line_height_last_edited=&#8220;on|phone&#8220; overflow-x_tablet=&#8220;hidden&#8220; overflow-x_phone=&#8220;hidden&#8220; overflow-x_last_edited=&#8220;on|desktop&#8220; custom_css_slide_description=&#8220;font-size: 18px!important;&#8220; global_colors_info=&#8220;{}&#8220; sticky_transition=&#8220;on&#8220;]<\/p>\n<p>Origin\u00e1lny meteodom\u010dek na &#8222;predpove\u010f po\u010dasia&#8220; s pan\u00e1\u010dikom a b\u00e1bikou funguje u\u017e st\u00e1ro\u010dia ako spo\u013eahliv\u00fd radca.<\/p>\n<p>[\/et_pb_slide][\/et_pb_fullwidth_slider][\/et_pb_section][et_pb_section fb_built=&#8220;1&#8243; custom_padding_last_edited=&#8220;on|tablet&#8220; _builder_version=&#8220;4.19.4&#8243; background_color=&#8220;#f7f6f4&#8243; custom_padding_tablet=&#8220;0px||0px|&#8220; custom_padding_phone=&#8220;&#8220; global_colors_info=&#8220;{}&#8220;][et_pb_row custom_padding_last_edited=&#8220;on|tablet&#8220; _builder_version=&#8220;4.16&#8243; custom_padding_tablet=&#8220;&#8220; custom_padding_phone=&#8220;&#8220; global_colors_info=&#8220;{}&#8220;][et_pb_column type=&#8220;4_4&#8243; _builder_version=&#8220;4.16&#8243; custom_padding=&#8220;|||&#8220; global_colors_info=&#8220;{}&#8220; custom_padding__hover=&#8220;|||&#8220;][et_pb_text admin_label=&#8220;Latest Products&#8220; _builder_version=&#8220;4.19.4&#8243; text_orientation=&#8220;center&#8220; custom_margin=&#8220;25px||||false|false&#8220; global_colors_info=&#8220;{}&#8220;]<\/p>\n<h2>METEODOM\u010cEKY<\/h2>\n<p>[\/et_pb_text][et_pb_shop type=&#8220;product_category&#8220; posts_number=&#8220;20&#8243; include_categories=&#8220;40&#8243; columns_number=&#8220;3&#8243; _builder_version=&#8220;4.19.4&#8243; background_color=&#8220;#FFFFFF&#8220; custom_margin=&#8220;||0px|&#8220; custom_padding=&#8220;40px|40px|40px|40px|true|false&#8220; custom_padding_tablet=&#8220;20px|20px|20px|20px|true|true&#8220; custom_padding_phone=&#8220;20px|20px|20px|20px|true|true&#8220; custom_padding_last_edited=&#8220;on|phone&#8220; global_colors_info=&#8220;{}&#8220;][\/et_pb_shop][\/et_pb_column][\/et_pb_row][\/et_pb_section][et_pb_section fb_built=&#8220;1&#8243; _builder_version=&#8220;4.19.4&#8243; background_color=&#8220;#efeeea&#8220; background_enable_image=&#8220;off&#8220; background_size=&#8220;initial&#8220; background_repeat=&#8220;repeat&#8220; custom_padding=&#8220;40px||40px||false|false&#8220; global_colors_info=&#8220;{}&#8220;][et_pb_row column_structure=&#8220;1_3,1_3,1_3&#8243; module_class=&#8220;el-header-text&#8220; _builder_version=&#8220;4.19.4&#8243; background_color=&#8220;#FFFFFF&#8220; max_width=&#8220;1920px&#8220; custom_margin=&#8220;||||false|false&#8220; custom_padding=&#8220;40px|20px|40px|20px|false|false&#8220; hover_enabled=&#8220;0&#8243; global_colors_info=&#8220;{}&#8220; border_radii=&#8220;on|20px|20px|20px|20px&#8220; sticky_enabled=&#8220;0&#8243;][et_pb_column type=&#8220;1_3&#8243; _builder_version=&#8220;4.16&#8243; custom_padding=&#8220;|||&#8220; global_colors_info=&#8220;{}&#8220; custom_padding__hover=&#8220;|||&#8220;][et_pb_blurb title=&#8220;Ako to funguje?&#8220; use_icon=&#8220;on&#8220; font_icon=&#8220;&#xf185;||fa||900&#8243; icon_color=&#8220;#e09900&#8243; icon_placement=&#8220;left&#8220; admin_label=&#8220;Fast Delivery&#8220; _builder_version=&#8220;4.19.4&#8243; header_font=&#8220;|600|||||||&#8220; header_text_align=&#8220;left&#8220; header_font_size=&#8220;24px&#8220; body_text_align=&#8220;center&#8220; hover_enabled=&#8220;0&#8243; global_colors_info=&#8220;{}&#8220; sticky_enabled=&#8220;0&#8243;]<\/p>\n<p style=\"text-align: left;\">Funguje k\u00fazelne &#8211; v\u010faka vlhkosti vzduchu dok\u00e1\u017ee predpoveda\u0165 zmenu po\u010dasia sk\u00f4r, ne\u017e ju sami poc\u00edtite.<\/p>\n<p>[\/et_pb_blurb][\/et_pb_column][et_pb_column type=&#8220;1_3&#8243; _builder_version=&#8220;4.16&#8243; custom_padding=&#8220;|||&#8220; global_colors_info=&#8220;{}&#8220; custom_padding__hover=&#8220;|||&#8220;][et_pb_blurb title=&#8220;Kam s n\u00edm?&#8220; use_icon=&#8220;on&#8220; font_icon=&#8220;&#xf0e9;||fa||900&#8243; icon_color=&#8220;#E09900&#8243; icon_placement=&#8220;left&#8220; admin_label=&#8220;Got a Question?&#8220; _builder_version=&#8220;4.19.4&#8243; header_font=&#8220;|600|||||||&#8220; header_text_align=&#8220;left&#8220; header_font_size=&#8220;24px&#8220; body_text_align=&#8220;center&#8220; hover_enabled=&#8220;0&#8243; global_colors_info=&#8220;{}&#8220; sticky_enabled=&#8220;0&#8243;]<\/p>\n<div class=\"col-md-4 text-center\">\n<p style=\"text-align: left;\">Dom\u010dek na po\u010dasie umiestnite do vonkaj\u0161ieho prostredia tak, aby bol chr\u00e1nen\u00fd pred priamym slnkom a da\u017e\u010fom.<\/p>\n<\/div>\n<p>[\/et_pb_blurb][\/et_pb_column][et_pb_column type=&#8220;1_3&#8243; _builder_version=&#8220;4.16&#8243; custom_padding=&#8220;|||&#8220; global_colors_info=&#8220;{}&#8220; custom_padding__hover=&#8220;|||&#8220;][et_pb_blurb title=&#8220;To chcem!&#8220; use_icon=&#8220;on&#8220; font_icon=&#8220;&#xe073;||divi||400&#8243; icon_color=&#8220;#E09900&#8243; icon_placement=&#8220;left&#8220; admin_label=&#8220;Exclusive Offers&#8220; _builder_version=&#8220;4.19.4&#8243; header_font=&#8220;|600|||||||&#8220; header_text_align=&#8220;left&#8220; header_font_size=&#8220;24px&#8220; body_text_align=&#8220;center&#8220; hover_enabled=&#8220;0&#8243; global_colors_info=&#8220;{}&#8220; sticky_enabled=&#8220;0&#8243;]<\/p>\n<p style=\"text-align: left;\">Tovar odosielame do 3 prac. dn\u00ed.<br \/><strong>Pri n\u00e1kupe nad 1600 Sk a platbe vopred DOPRAVA ZADARMO!<\/strong><\/p>\n<p>[\/et_pb_blurb][\/et_pb_column][\/et_pb_row][\/et_pb_section]<\/p>\n","protected":false},"excerpt":{"rendered":"<p>Origin\u00e1lny meteodom\u010dek na &#8222;predpove\u010f po\u010dasia&#8220; s pan\u00e1\u010dikom a b\u00e1bikou funguje u\u017e st\u00e1ro\u010dia ako spo\u013eahliv\u00fd radca.METEODOM\u010cEKYFunguje k\u00fazelne &#8211; v\u010faka vlhkosti vzduchu dok\u00e1\u017ee predpoveda\u0165 zmenu po\u010dasia sk\u00f4r, ne\u017e ju sami poc\u00edtite. Dom\u010dek na po\u010dasie umiestnite do vonkaj\u0161ieho prostredia tak, aby bol chr\u00e1nen\u00fd pred priamym slnkom a da\u017e\u010fom. Tovar odosielame do 3 prac. dn\u00ed.Pri n\u00e1kupe nad 1600 Sk [&hellip;]<\/p>\n","protected":false},"author":1,"featured_media":0,"parent":0,"menu_order":0,"comment_status":"closed","ping_status":"closed","template":"","meta":{"_et_pb_use_builder":"on","_et_pb_old_content":"","_et_gb_content_width":"","footnotes":""},"class_list":["post-1053","page","type-page","status-publish","hentry"],"_links":{"self":[{"href":"https:\/\/www.meteodomecky.cz\/sk\/wp-json\/wp\/v2\/pages\/1053","targetHints":{"allow":["GET"]}}],"collection":[{"href":"https:\/\/www.meteodomecky.cz\/sk\/wp-json\/wp\/v2\/pages"}],"about":[{"href":"https:\/\/www.meteodomecky.cz\/sk\/wp-json\/wp\/v2\/types\/page"}],"author":[{"embeddable":true,"href":"https:\/\/www.meteodomecky.cz\/sk\/wp-json\/wp\/v2\/users\/1"}],"replies":[{"embeddable":true,"href":"https:\/\/www.meteodomecky.cz\/sk\/wp-json\/wp\/v2\/comments?post=1053"}],"version-history":[{"count":0,"href":"https:\/\/www.meteodomecky.cz\/sk\/wp-json\/wp\/v2\/pages\/1053\/revisions"}],"wp:attachment":[{"href":"https:\/\/www.meteodomecky.cz\/sk\/wp-json\/wp\/v2\/media?parent=1053"}],"curies":[{"name":"wp","href":"https:\/\/api.w.org\/{rel}","templated":true}]}}